{"id":5121,"date":"2023-12-23T05:12:21","date_gmt":"2023-12-23T05:12:21","guid":{"rendered":"https:\/\/xsimfitnessx.com\/?post_type=product&#038;p=5121"},"modified":"2023-12-23T05:12:21","modified_gmt":"2023-12-23T05:12:21","slug":"x-sim-fitnessx-40-40cm-90-60cm-trockentuch-mikrofasertucher-professionellen-autopflege-hohe-aufnahmekapazitat-grosse-microfaser-tucher-extrem-saugstark","status":"publish","type":"product","link":"https:\/\/xsimfitnessx.com\/index.php\/product\/x-sim-fitnessx-40-40cm-90-60cm-trockentuch-mikrofasertucher-professionellen-autopflege-hohe-aufnahmekapazitat-grosse-microfaser-tucher-extrem-saugstark\/","title":{"rendered":"X SIM FITNESSX 40 * 40cm\/90 * 60cm Trockentuch Mikrofasert\u00fccher professionellen Autopflege hohe Aufnahmekapazit\u00e4t Grosse Microfaser T\u00fccher Extrem saugstark"},"content":{"rendered":"<ul class=\"a-unordered-list a-vertical a-spacing-mini\">\n<li class=\"a-spacing-mini\"><span class=\"a-list-item\">\ud83d\udc4dSUPER TROCKENLEISTUNG\uff1aDas weiche Trockentuch wurde speziell f\u00fcr die bestm\u00f6gliche Trockenleistung f\u00fcr die professionelle Fahrzeugpflege entwickelt. Gro\u00dfe Menge an Wasseraufnahme, Das Auto ist im Handumdrehen trocken und sauber.<\/span><\/li>\n<li class=\"a-spacing-mini\"><span class=\"a-list-item\">\ud83d\udc4dMicrofasergewebe Trockentuch ist aus Superfine Faser, Mischungsverh\u00e4ltnis: 80% Polyester, 20% Nylon. Zwei Abmessung f\u00fcr Ausw\u00e4hlen: (L x H) 40*40cm \/ 90*60cm. (L x H) 40*40cm \/ 90*60cm.<\/span><\/li>\n<li class=\"a-spacing-mini\"><span class=\"a-list-item\">\ud83d\udc4dEs wird Reibung reduzieren, Verringerung des Farbverschleisses. Absolut fusselfrei und hinterl\u00e4sst keinerlei Schlieren.<\/span><\/li>\n<li class=\"a-spacing-mini\"><span class=\"a-list-item\">\ud83d\udc4dDoppelseitiges Design, lange haarige Oberfl\u00e4che f\u00fcr Wasseraufnahme, Mesh-Oberfl\u00e4che f\u00fcr die Reinigung.<\/span><\/li>\n<li class=\"a-spacing-mini\"><span class=\"a-list-item\">\ud83d\udc4dX SIM FITNESSX TROCKENTUCH ist die beste Wahl f\u00fcr die t\u00e4gliche Reinigung und Pflege Ihres Autos.<\/span><\/li>\n<\/ul>\n","protected":false},"excerpt":{"rendered":"<p>\ud83d\udc4dSUPER TROCKENLEISTUNG\uff1aDas weiche Trockentuch wurde spe &hellip;<\/p>\n<p class=\"read-more\"> <a class=\"\" href=\"https:\/\/xsimfitnessx.com\/index.php\/product\/x-sim-fitnessx-40-40cm-90-60cm-trockentuch-mikrofasertucher-professionellen-autopflege-hohe-aufnahmekapazitat-grosse-microfaser-tucher-extrem-saugstark\/\"> <span class=\"screen-reader-text\">X SIM FITNESSX 40 * 40cm\/90 * 60cm Trockentuch Mikrofasert\u00fccher professionellen Autopflege hohe Aufnahmekapazit\u00e4t Grosse Microfaser T\u00fccher Extrem saugstark<\/span> \u67e5\u770b\u5168\u6587 &raquo;<\/a><\/p>\n","protected":false},"featured_media":5127,"comment_status":"open","ping_status":"closed","template":"","meta":{"site-sidebar-layout":"default","site-content-layout":"default","ast-global-header-display":"","ast-banner-title-visibility":"","ast-main-header-display":"","ast-hfb-above-header-display":"","ast-hfb-below-header-display":"","ast-hfb-mobile-header-display":"","site-post-title":"","ast-breadcrumbs-content":"","ast-featured-img":"","footer-sml-layout":"","theme-transparent-header-meta":"default","adv-header-id-meta":"","stick-header-meta":"","header-above-stick-meta":"","header-main-stick-meta":"","header-below-stick-meta":""},"product_cat":[121],"product_tag":[],"_links":{"self":[{"href":"https:\/\/xsimfitnessx.com\/index.php\/wp-json\/wp\/v2\/product\/5121"}],"collection":[{"href":"https:\/\/xsimfitnessx.com\/index.php\/wp-json\/wp\/v2\/product"}],"about":[{"href":"https:\/\/xsimfitnessx.com\/index.php\/wp-json\/wp\/v2\/types\/product"}],"replies":[{"embeddable":true,"href":"https:\/\/xsimfitnessx.com\/index.php\/wp-json\/wp\/v2\/comments?post=5121"}],"wp:featuredmedia":[{"embeddable":true,"href":"https:\/\/xsimfitnessx.com\/index.php\/wp-json\/wp\/v2\/media\/5127"}],"wp:attachment":[{"href":"https:\/\/xsimfitnessx.com\/index.php\/wp-json\/wp\/v2\/media?parent=5121"}],"wp:term":[{"taxonomy":"product_cat","embeddable":true,"href":"https:\/\/xsimfitnessx.com\/index.php\/wp-json\/wp\/v2\/product_cat?post=5121"},{"taxonomy":"product_tag","embeddable":true,"href":"https:\/\/xsimfitnessx.com\/index.php\/wp-json\/wp\/v2\/product_tag?post=5121"}],"curies":[{"name":"wp","href":"https:\/\/api.w.org\/{rel}","templated":true}]}}