{"id":4789,"date":"2023-08-16T09:43:06","date_gmt":"2023-08-16T08:43:06","guid":{"rendered":"https:\/\/xsimfitnessx.com\/?post_type=product&#038;p=4789"},"modified":"2023-08-16T10:05:48","modified_gmt":"2023-08-16T09:05:48","slug":"x-sim-fitnessx-sport-turnbeutel-wasserdicht-beutel-unisex-rucksack-daypack-gym-bag-sportbeutel-beuteltasche-fur-schule-sport-reisen-und-outdoor","status":"publish","type":"product","link":"https:\/\/xsimfitnessx.com\/index.php\/product\/x-sim-fitnessx-sport-turnbeutel-wasserdicht-beutel-unisex-rucksack-daypack-gym-bag-sportbeutel-beuteltasche-fur-schule-sport-reisen-und-outdoor\/","title":{"rendered":"X SIM FITNESSX Sport Turnbeutel, Wasserdicht Beutel Unisex Rucksack Daypack Gym Bag, Sportbeutel Beuteltasche f\u00fcr Schule Sport, Reisen und Outdoor"},"content":{"rendered":"<ul class=\"a-unordered-list a-vertical a-spacing-mini\">\n<li class=\"a-spacing-mini\"><span class=\"a-list-item\">\u2605Hochwertiger wasserdichter Stoff &#8212; Dieser X SIM FITNESSX Sportrucksack besteht aus hochwertigem wasserdichtem Gewebe, Wasserfest-Qualit\u00e4t. Die innere Schicht ist auch wasserdicht, alle Dinge im Rucksack sind sehr gut gesch\u00fctzt. Nach dem Schwimmen kann auch nasse Kleidung im Rucksack verstaut werden.<\/span><\/li>\n<li class=\"a-spacing-mini\"><span class=\"a-list-item\">\u2605Leicht &amp; Rei\u00dffest Beutel &#8212; Abmessungen\uff1a33x18x45cm (LxBxH) Gewicht nur mit 300g. Das weiche Material macht diese leichte Tasche leicht zu tragen und kann bei Nichtgebrauch zusammengeklappt werden. Dieser Kordelzugrucksack ist ideal f\u00fcr Schule, Sport, Wandern, Shopping und Alltagsreisen.<\/span><\/li>\n<li class=\"a-spacing-mini\"><span class=\"a-list-item\">Verschluss: Kordelzug<\/span><\/li>\n<li class=\"a-spacing-mini\"><span class=\"a-list-item\">Casual<\/span><\/li>\n<li class=\"a-spacing-mini\"><span class=\"a-list-item\">Modellnummer: SB04<\/span><\/li>\n<li class=\"a-spacing-mini\"><span class=\"a-list-item\">\u2605Multi Taschen &amp; Gro\u00dfe Kapazit\u00e4t&#8211; 1* Fronttasche mit Rei\u00dfverschluss, 1 Hauptfach ( 1 Fach klein Innentasche mit Rei\u00dfverschluss+ 2 kleine Abteilung ), 1 * Tasche mit Rei\u00dfverschluss hinten\uff0c 2 Seitentaschen. Dieser Beutel mit genug Platz bieten, um Ihr iPad, B\u00fccher, Regenschirme, Wasserflaschen, Sportbekleidung, Geldb\u00f6rsen und andere kleine Gegenst\u00e4nde zu verstauen zu organisieren.<\/span><\/li>\n<li class=\"a-spacing-mini\"><span class=\"a-list-item\">\u2605Verstellbarer Schultergurt &amp; Kordelzug Design &#8212; Die Tragegurte sind angenehm weich und in der L\u00e4nge verstellbar. Kordelzug Design l\u00e4sst sich der Rucksack l\u00e4sst sich leicht verschlie\u00dfen und wieder \u00f6ffnen.<\/span><\/li>\n<li class=\"a-spacing-mini\"><span class=\"a-list-item\">\u2605Multifunktional Rucksack&#8211; Der Rucksack eignet sich f\u00fcr viele Gelegenheiten, wie Sportaktivit\u00e4ten, Training, Laufen, Yoga, Schwimmen, Camping und andere Indoor- und Outdoor-Aktivit\u00e4ten. Ideale beim Sport als komfortabler Turnbeutel \/ Gym Sack. Auch anwendbar auf die Schule, Shopping oder Urlaub. Ist eine ein tolles Geschenk f\u00fcr Sie und Ihre Familien und Freunde.<\/span><\/li>\n<\/ul>\n","protected":false},"excerpt":{"rendered":"<p>\u2605Hochwertiger wasserdichter Stoff &#8212; Dieser X SIM  &hellip;<\/p>\n<p class=\"read-more\"> <a class=\"\" href=\"https:\/\/xsimfitnessx.com\/index.php\/product\/x-sim-fitnessx-sport-turnbeutel-wasserdicht-beutel-unisex-rucksack-daypack-gym-bag-sportbeutel-beuteltasche-fur-schule-sport-reisen-und-outdoor\/\"> <span class=\"screen-reader-text\">X SIM FITNESSX Sport Turnbeutel, Wasserdicht Beutel Unisex Rucksack Daypack Gym Bag, Sportbeutel Beuteltasche f\u00fcr Schule Sport, Reisen und Outdoor<\/span> \u67e5\u770b\u5168\u6587 &raquo;<\/a><\/p>\n","protected":false},"featured_media":4790,"comment_status":"open","ping_status":"closed","template":"","meta":{"site-sidebar-layout":"default","site-content-layout":"default","ast-global-header-display":"","ast-banner-title-visibility":"","ast-main-header-display":"","ast-hfb-above-header-display":"","ast-hfb-below-header-display":"","ast-hfb-mobile-header-display":"","site-post-title":"","ast-breadcrumbs-content":"","ast-featured-img":"","footer-sml-layout":"","theme-transparent-header-meta":"default","adv-header-id-meta":"","stick-header-meta":"","header-above-stick-meta":"","header-main-stick-meta":"","header-below-stick-meta":""},"product_cat":[110],"product_tag":[],"_links":{"self":[{"href":"https:\/\/xsimfitnessx.com\/index.php\/wp-json\/wp\/v2\/product\/4789"}],"collection":[{"href":"https:\/\/xsimfitnessx.com\/index.php\/wp-json\/wp\/v2\/product"}],"about":[{"href":"https:\/\/xsimfitnessx.com\/index.php\/wp-json\/wp\/v2\/types\/product"}],"replies":[{"embeddable":true,"href":"https:\/\/xsimfitnessx.com\/index.php\/wp-json\/wp\/v2\/comments?post=4789"}],"wp:featuredmedia":[{"embeddable":true,"href":"https:\/\/xsimfitnessx.com\/index.php\/wp-json\/wp\/v2\/media\/4790"}],"wp:attachment":[{"href":"https:\/\/xsimfitnessx.com\/index.php\/wp-json\/wp\/v2\/media?parent=4789"}],"wp:term":[{"taxonomy":"product_cat","embeddable":true,"href":"https:\/\/xsimfitnessx.com\/index.php\/wp-json\/wp\/v2\/product_cat?post=4789"},{"taxonomy":"product_tag","embeddable":true,"href":"https:\/\/xsimfitnessx.com\/index.php\/wp-json\/wp\/v2\/product_tag?post=4789"}],"curies":[{"name":"wp","href":"https:\/\/api.w.org\/{rel}","templated":true}]}}